{"id":3088,"date":"2026-02-17T18:53:00","date_gmt":"2026-02-17T18:53:00","guid":{"rendered":"https:\/\/cargimexworld.com\/?page_id=3088"},"modified":"2026-02-17T18:53:00","modified_gmt":"2026-02-17T18:53:00","slug":"home-2","status":"publish","type":"page","link":"https:\/\/cargimexworld.com\/fr\/home-2\/","title":{"rendered":"Home"},"content":{"rendered":"","protected":false},"excerpt":{"rendered":"<p>Nous avons tous d\u00e9j\u00e0 exp\u00e9riment\u00e9 une nouvelle d\u00e9couverte, le go\u00fbt d'un nouveau produit ou ce nouvel article r\u00e9volutionnaire qui \u00e9merveille. Chez Cargimex,  nous croyons que de nouvelles d\u00e9couvertes devraient \u00e9clairer chaque jour, la magie devrait durer toute une vie et la satisfaction devrait cr\u00e9er des moments m\u00e9morables. <\/p>","protected":false},"author":1,"featured_media":0,"parent":0,"menu_order":0,"comment_status":"open","ping_status":"open","template":"","meta":{"footnotes":""},"class_list":["post-3088","page","type-page","status-publish","hentry"],"yoast_head":"<!-- This site is optimized with the Yoast SEO plugin v27.0 - https:\/\/yoast.com\/product\/yoast-seo-wordpress\/ -->\n<title>Global supplier of premium bulk alcohols - Cargimex World<\/title>\n<meta name=\"description\" content=\"Cargimex is your trusted partner for the global export of bulk alcohols, including ethanol, rum, and neutral spirits. Quality and personalized service.\" \/>\n<meta name=\"robots\" content=\"index, follow, max-snippet:-1, max-image-preview:large, max-video-preview:-1\" \/>\n<link rel=\"canonical\" href=\"https:\/\/cargimexworld.com\/fr\/home-2\/\" \/>\n<meta property=\"og:locale\" content=\"fr_FR\" \/>\n<meta property=\"og:type\" content=\"article\" \/>\n<meta property=\"og:title\" content=\"Global supplier of premium bulk alcohols - Cargimex World\" \/>\n<meta property=\"og:description\" content=\"Cargimex is your trusted partner for the global export of bulk alcohols, including ethanol, rum, and neutral spirits. Quality and personalized service.\" \/>\n<meta property=\"og:url\" content=\"https:\/\/cargimexworld.com\/fr\/home-2\/\" \/>\n<meta property=\"og:site_name\" content=\"Cargimex World\" \/>\n<meta name=\"twitter:card\" content=\"summary_large_image\" \/>\n<script type=\"application\/ld+json\" class=\"yoast-schema-graph\">{\"@context\":\"https:\/\/schema.org\",\"@graph\":[{\"@type\":\"WebPage\",\"@id\":\"https:\/\/cargimexworld.com\/home-2\/\",\"url\":\"https:\/\/cargimexworld.com\/home-2\/\",\"name\":\"Global supplier of premium bulk alcohols - Cargimex World\",\"isPartOf\":{\"@id\":\"https:\/\/cargimexworld.com\/#website\"},\"datePublished\":\"2026-02-17T18:53:00+00:00\",\"description\":\"Cargimex is your trusted partner for the global export of bulk alcohols, including ethanol, rum, and neutral spirits. Quality and personalized service.\",\"breadcrumb\":{\"@id\":\"https:\/\/cargimexworld.com\/home-2\/#breadcrumb\"},\"inLanguage\":\"fr-FR\",\"potentialAction\":[{\"@type\":\"ReadAction\",\"target\":[\"https:\/\/cargimexworld.com\/home-2\/\"]}]},{\"@type\":\"BreadcrumbList\",\"@id\":\"https:\/\/cargimexworld.com\/home-2\/#breadcrumb\",\"itemListElement\":[{\"@type\":\"ListItem\",\"position\":1,\"name\":\"Home\",\"item\":\"https:\/\/cargimexworld.com\/\"},{\"@type\":\"ListItem\",\"position\":2,\"name\":\"Home\"}]},{\"@type\":\"WebSite\",\"@id\":\"https:\/\/cargimexworld.com\/#website\",\"url\":\"https:\/\/cargimexworld.com\/\",\"name\":\"Cargimex World\",\"description\":\"Local becomes global\",\"potentialAction\":[{\"@type\":\"SearchAction\",\"target\":{\"@type\":\"EntryPoint\",\"urlTemplate\":\"https:\/\/cargimexworld.com\/?s={search_term_string}\"},\"query-input\":{\"@type\":\"PropertyValueSpecification\",\"valueRequired\":true,\"valueName\":\"search_term_string\"}}],\"inLanguage\":\"fr-FR\"}]}<\/script>\n<!-- \/ Yoast SEO plugin. -->","yoast_head_json":{"title":"Global supplier of premium bulk alcohols - Cargimex World","description":"Cargimex is your trusted partner for the global export of bulk alcohols, including ethanol, rum, and neutral spirits. Quality and personalized service.","robots":{"index":"index","follow":"follow","max-snippet":"max-snippet:-1","max-image-preview":"max-image-preview:large","max-video-preview":"max-video-preview:-1"},"canonical":"https:\/\/cargimexworld.com\/fr\/home-2\/","og_locale":"fr_FR","og_type":"article","og_title":"Global supplier of premium bulk alcohols - Cargimex World","og_description":"Cargimex is your trusted partner for the global export of bulk alcohols, including ethanol, rum, and neutral spirits. Quality and personalized service.","og_url":"https:\/\/cargimexworld.com\/fr\/home-2\/","og_site_name":"Cargimex World","twitter_card":"summary_large_image","schema":{"@context":"https:\/\/schema.org","@graph":[{"@type":"WebPage","@id":"https:\/\/cargimexworld.com\/home-2\/","url":"https:\/\/cargimexworld.com\/home-2\/","name":"Global supplier of premium bulk alcohols - Cargimex World","isPartOf":{"@id":"https:\/\/cargimexworld.com\/#website"},"datePublished":"2026-02-17T18:53:00+00:00","description":"Cargimex is your trusted partner for the global export of bulk alcohols, including ethanol, rum, and neutral spirits. Quality and personalized service.","breadcrumb":{"@id":"https:\/\/cargimexworld.com\/home-2\/#breadcrumb"},"inLanguage":"fr-FR","potentialAction":[{"@type":"ReadAction","target":["https:\/\/cargimexworld.com\/home-2\/"]}]},{"@type":"BreadcrumbList","@id":"https:\/\/cargimexworld.com\/home-2\/#breadcrumb","itemListElement":[{"@type":"ListItem","position":1,"name":"Home","item":"https:\/\/cargimexworld.com\/"},{"@type":"ListItem","position":2,"name":"Home"}]},{"@type":"WebSite","@id":"https:\/\/cargimexworld.com\/#website","url":"https:\/\/cargimexworld.com\/","name":"Cargimex World","description":"Local becomes global","potentialAction":[{"@type":"SearchAction","target":{"@type":"EntryPoint","urlTemplate":"https:\/\/cargimexworld.com\/?s={search_term_string}"},"query-input":{"@type":"PropertyValueSpecification","valueRequired":true,"valueName":"search_term_string"}}],"inLanguage":"fr-FR"}]}},"_links":{"self":[{"href":"https:\/\/cargimexworld.com\/fr\/wp-json\/wp\/v2\/pages\/3088","targetHints":{"allow":["GET"]}}],"collection":[{"href":"https:\/\/cargimexworld.com\/fr\/wp-json\/wp\/v2\/pages"}],"about":[{"href":"https:\/\/cargimexworld.com\/fr\/wp-json\/wp\/v2\/types\/page"}],"author":[{"embeddable":true,"href":"https:\/\/cargimexworld.com\/fr\/wp-json\/wp\/v2\/users\/1"}],"replies":[{"embeddable":true,"href":"https:\/\/cargimexworld.com\/fr\/wp-json\/wp\/v2\/comments?post=3088"}],"version-history":[{"count":1,"href":"https:\/\/cargimexworld.com\/fr\/wp-json\/wp\/v2\/pages\/3088\/revisions"}],"predecessor-version":[{"id":3089,"href":"https:\/\/cargimexworld.com\/fr\/wp-json\/wp\/v2\/pages\/3088\/revisions\/3089"}],"wp:attachment":[{"href":"https:\/\/cargimexworld.com\/fr\/wp-json\/wp\/v2\/media?parent=3088"}],"curies":[{"name":"wp","href":"https:\/\/api.w.org\/{rel}","templated":true}]}}