{"id":2464,"date":"2019-04-15T15:47:21","date_gmt":"2019-04-15T15:47:21","guid":{"rendered":"http:\/\/bildo.ca\/cargimex\/?page_id=2464"},"modified":"2026-02-17T14:49:16","modified_gmt":"2026-02-17T14:49:16","slug":"online-marketing","status":"publish","type":"page","link":"https:\/\/cargimexworld.com\/fr\/marketing-en-ligne\/","title":{"rendered":"MARKETING EN LIGNE"},"content":{"rendered":"","protected":false},"excerpt":{"rendered":"","protected":false},"author":1,"featured_media":0,"parent":0,"menu_order":0,"comment_status":"open","ping_status":"open","template":"","meta":{"footnotes":""},"class_list":["post-2464","page","type-page","status-publish","hentry"],"yoast_head":"<!-- This site is optimized with the Yoast SEO plugin v27.0 - https:\/\/yoast.com\/product\/yoast-seo-wordpress\/ -->\n<title>ONLINE MARKETING - Cargimex World<\/title>\n<meta name=\"description\" content=\"In parallel to our Imports\/Exports, we have establish online marketing giving us the opportunity to increase our presence within the online network we&#039;ve developed. Furthermore, we could provide marketing for the products and items we represent according more efficient coverage of every market assets. Consequently, online marketing allows us to link business listing which optimize the offers of our partners to the online stores. As well, publicity is possible meaning all our network could benefit and demonstrate their interest. Contact our experts for further information.\" \/>\n<meta name=\"robots\" content=\"index, follow, max-snippet:-1, max-image-preview:large, max-video-preview:-1\" \/>\n<link rel=\"canonical\" href=\"https:\/\/cargimexworld.com\/fr\/online-marketing\/\" \/>\n<meta property=\"og:locale\" content=\"fr_FR\" \/>\n<meta property=\"og:type\" content=\"article\" \/>\n<meta property=\"og:title\" content=\"ONLINE MARKETING - Cargimex World\" \/>\n<meta property=\"og:description\" content=\"In parallel to our Imports\/Exports, we have establish online marketing giving us the opportunity to increase our presence within the online network we&#039;ve developed. Furthermore, we could provide marketing for the products and items we represent according more efficient coverage of every market assets. Consequently, online marketing allows us to link business listing which optimize the offers of our partners to the online stores. As well, publicity is possible meaning all our network could benefit and demonstrate their interest. Contact our experts for further information.\" \/>\n<meta property=\"og:url\" content=\"https:\/\/cargimexworld.com\/fr\/online-marketing\/\" \/>\n<meta property=\"og:site_name\" content=\"Cargimex World\" \/>\n<meta property=\"article:modified_time\" content=\"2026-02-17T14:49:16+00:00\" \/>\n<meta name=\"twitter:card\" content=\"summary_large_image\" \/>\n<script type=\"application\/ld+json\" class=\"yoast-schema-graph\">{\"@context\":\"https:\/\/schema.org\",\"@graph\":[{\"@type\":\"WebPage\",\"@id\":\"https:\/\/cargimexworld.com\/online-marketing\/\",\"url\":\"https:\/\/cargimexworld.com\/online-marketing\/\",\"name\":\"ONLINE MARKETING - Cargimex World\",\"isPartOf\":{\"@id\":\"https:\/\/cargimexworld.com\/#website\"},\"datePublished\":\"2019-04-15T15:47:21+00:00\",\"dateModified\":\"2026-02-17T14:49:16+00:00\",\"description\":\"In parallel to our Imports\/Exports, we have establish online marketing giving us the opportunity to increase our presence within the online network we've developed. Furthermore, we could provide marketing for the products and items we represent according more efficient coverage of every market assets. Consequently, online marketing allows us to link business listing which optimize the offers of our partners to the online stores. As well, publicity is possible meaning all our network could benefit and demonstrate their interest. Contact our experts for further information.\",\"breadcrumb\":{\"@id\":\"https:\/\/cargimexworld.com\/online-marketing\/#breadcrumb\"},\"inLanguage\":\"fr-FR\",\"potentialAction\":[{\"@type\":\"ReadAction\",\"target\":[\"https:\/\/cargimexworld.com\/online-marketing\/\"]}]},{\"@type\":\"BreadcrumbList\",\"@id\":\"https:\/\/cargimexworld.com\/online-marketing\/#breadcrumb\",\"itemListElement\":[{\"@type\":\"ListItem\",\"position\":1,\"name\":\"Home\",\"item\":\"https:\/\/cargimexworld.com\/\"},{\"@type\":\"ListItem\",\"position\":2,\"name\":\"ONLINE MARKETING\"}]},{\"@type\":\"WebSite\",\"@id\":\"https:\/\/cargimexworld.com\/#website\",\"url\":\"https:\/\/cargimexworld.com\/\",\"name\":\"Cargimex World\",\"description\":\"Local becomes global\",\"potentialAction\":[{\"@type\":\"SearchAction\",\"target\":{\"@type\":\"EntryPoint\",\"urlTemplate\":\"https:\/\/cargimexworld.com\/?s={search_term_string}\"},\"query-input\":{\"@type\":\"PropertyValueSpecification\",\"valueRequired\":true,\"valueName\":\"search_term_string\"}}],\"inLanguage\":\"fr-FR\"}]}<\/script>\n<!-- \/ Yoast SEO plugin. -->","yoast_head_json":{"title":"ONLINE MARKETING - Cargimex World","description":"Parall\u00e8lement \u00e0 nos importations\/exportations, nous avons mis en place le marketing en ligne nous permettant d'accro\u00eetre notre pr\u00e9sence au sein des r\u00e9seaux en ligne que nous avons d\u00e9velopp\u00e9. En outre, nous pourrions assurer le marketing des produits et articles que nous repr\u00e9sentons en accordant une couverture plus efficace de tous les aspects du march\u00e9. Par cons\u00e9quent, le marketing en ligne nous permet de relier les listes de produit d'entreprises qui optimisent les offres de nos partenaires \u00e0 la boutique en ligne. De plus, la publicit\u00e9 est possible, ce qui signifie que tous les membres de notre r\u00e9seau pourraient en b\u00e9n\u00e9ficier et d\u00e9montrer leur int\u00e9r\u00eat. Contactez nos experts pour plus d'informations.","robots":{"index":"index","follow":"follow","max-snippet":"max-snippet:-1","max-image-preview":"max-image-preview:large","max-video-preview":"max-video-preview:-1"},"canonical":"https:\/\/cargimexworld.com\/fr\/online-marketing\/","og_locale":"fr_FR","og_type":"article","og_title":"ONLINE MARKETING - Cargimex World","og_description":"In parallel to our Imports\/Exports, we have establish online marketing giving us the opportunity to increase our presence within the online network we've developed. Furthermore, we could provide marketing for the products and items we represent according more efficient coverage of every market assets. Consequently, online marketing allows us to link business listing which optimize the offers of our partners to the online stores. As well, publicity is possible meaning all our network could benefit and demonstrate their interest. Contact our experts for further information.","og_url":"https:\/\/cargimexworld.com\/fr\/online-marketing\/","og_site_name":"Cargimex World","article_modified_time":"2026-02-17T14:49:16+00:00","twitter_card":"summary_large_image","schema":{"@context":"https:\/\/schema.org","@graph":[{"@type":"WebPage","@id":"https:\/\/cargimexworld.com\/online-marketing\/","url":"https:\/\/cargimexworld.com\/online-marketing\/","name":"ONLINE MARKETING - Cargimex World","isPartOf":{"@id":"https:\/\/cargimexworld.com\/#website"},"datePublished":"2019-04-15T15:47:21+00:00","dateModified":"2026-02-17T14:49:16+00:00","description":"Parall\u00e8lement \u00e0 nos importations\/exportations, nous avons mis en place le marketing en ligne nous permettant d'accro\u00eetre notre pr\u00e9sence au sein des r\u00e9seaux en ligne que nous avons d\u00e9velopp\u00e9. En outre, nous pourrions assurer le marketing des produits et articles que nous repr\u00e9sentons en accordant une couverture plus efficace de tous les aspects du march\u00e9. Par cons\u00e9quent, le marketing en ligne nous permet de relier les listes de produit d'entreprises qui optimisent les offres de nos partenaires \u00e0 la boutique en ligne. De plus, la publicit\u00e9 est possible, ce qui signifie que tous les membres de notre r\u00e9seau pourraient en b\u00e9n\u00e9ficier et d\u00e9montrer leur int\u00e9r\u00eat. Contactez nos experts pour plus d'informations.","breadcrumb":{"@id":"https:\/\/cargimexworld.com\/online-marketing\/#breadcrumb"},"inLanguage":"fr-FR","potentialAction":[{"@type":"ReadAction","target":["https:\/\/cargimexworld.com\/online-marketing\/"]}]},{"@type":"BreadcrumbList","@id":"https:\/\/cargimexworld.com\/online-marketing\/#breadcrumb","itemListElement":[{"@type":"ListItem","position":1,"name":"Home","item":"https:\/\/cargimexworld.com\/"},{"@type":"ListItem","position":2,"name":"ONLINE MARKETING"}]},{"@type":"WebSite","@id":"https:\/\/cargimexworld.com\/#website","url":"https:\/\/cargimexworld.com\/","name":"Cargimex World","description":"Local becomes global","potentialAction":[{"@type":"SearchAction","target":{"@type":"EntryPoint","urlTemplate":"https:\/\/cargimexworld.com\/?s={search_term_string}"},"query-input":{"@type":"PropertyValueSpecification","valueRequired":true,"valueName":"search_term_string"}}],"inLanguage":"fr-FR"}]}},"_links":{"self":[{"href":"https:\/\/cargimexworld.com\/fr\/wp-json\/wp\/v2\/pages\/2464","targetHints":{"allow":["GET"]}}],"collection":[{"href":"https:\/\/cargimexworld.com\/fr\/wp-json\/wp\/v2\/pages"}],"about":[{"href":"https:\/\/cargimexworld.com\/fr\/wp-json\/wp\/v2\/types\/page"}],"author":[{"embeddable":true,"href":"https:\/\/cargimexworld.com\/fr\/wp-json\/wp\/v2\/users\/1"}],"replies":[{"embeddable":true,"href":"https:\/\/cargimexworld.com\/fr\/wp-json\/wp\/v2\/comments?post=2464"}],"version-history":[{"count":2,"href":"https:\/\/cargimexworld.com\/fr\/wp-json\/wp\/v2\/pages\/2464\/revisions"}],"predecessor-version":[{"id":2728,"href":"https:\/\/cargimexworld.com\/fr\/wp-json\/wp\/v2\/pages\/2464\/revisions\/2728"}],"wp:attachment":[{"href":"https:\/\/cargimexworld.com\/fr\/wp-json\/wp\/v2\/media?parent=2464"}],"curies":[{"name":"wp","href":"https:\/\/api.w.org\/{rel}","templated":true}]}}