{"id":2466,"date":"2019-04-15T15:48:03","date_gmt":"2019-04-15T15:48:03","guid":{"rendered":"http:\/\/bildo.ca\/cargimex\/?page_id=2466"},"modified":"2026-02-16T20:05:05","modified_gmt":"2026-02-16T20:05:05","slug":"business-development","status":"publish","type":"page","link":"https:\/\/cargimexworld.com\/es\/business-development\/","title":{"rendered":"DESARROLLO DE LOS NEGOCIOS"},"content":{"rendered":"","protected":false},"excerpt":{"rendered":"","protected":false},"author":1,"featured_media":0,"parent":0,"menu_order":0,"comment_status":"open","ping_status":"open","template":"","meta":{"footnotes":""},"class_list":["post-2466","page","type-page","status-publish","hentry"],"yoast_head":"<!-- This site is optimized with the Yoast SEO plugin v27.0 - https:\/\/yoast.com\/product\/yoast-seo-wordpress\/ -->\n<title>BUSINESS DEVELOPMENT - Cargimex World<\/title>\n<meta name=\"description\" content=\"Cargimex specialize in giving access to the worldwide market for local companies. We have built a multifunctional platform to insure we reach that target. In other words, we have sales representative, worldwide partners specialize in import and export, online experts, providers and producers. Notwithstanding, we always looks and stay attentive to increase our network and make benefit everyone. Therefore, we are interested in developing your business grow since we&#039;ll benefit of it as well. Contact us, we&#039;ll discuss about the possibilities.\" \/>\n<meta name=\"robots\" content=\"index, follow, max-snippet:-1, max-image-preview:large, max-video-preview:-1\" \/>\n<link rel=\"canonical\" href=\"https:\/\/cargimexworld.com\/es\/business-development\/\" \/>\n<meta property=\"og:locale\" content=\"es_ES\" \/>\n<meta property=\"og:type\" content=\"article\" \/>\n<meta property=\"og:title\" content=\"BUSINESS DEVELOPMENT - Cargimex World\" \/>\n<meta property=\"og:description\" content=\"Cargimex specialize in giving access to the worldwide market for local companies. We have built a multifunctional platform to insure we reach that target. In other words, we have sales representative, worldwide partners specialize in import and export, online experts, providers and producers. Notwithstanding, we always looks and stay attentive to increase our network and make benefit everyone. Therefore, we are interested in developing your business grow since we&#039;ll benefit of it as well. Contact us, we&#039;ll discuss about the possibilities.\" \/>\n<meta property=\"og:url\" content=\"https:\/\/cargimexworld.com\/es\/business-development\/\" \/>\n<meta property=\"og:site_name\" content=\"Cargimex World\" \/>\n<meta property=\"article:modified_time\" content=\"2026-02-16T20:05:05+00:00\" \/>\n<meta name=\"twitter:card\" content=\"summary_large_image\" \/>\n<script type=\"application\/ld+json\" class=\"yoast-schema-graph\">{\"@context\":\"https:\/\/schema.org\",\"@graph\":[{\"@type\":\"WebPage\",\"@id\":\"https:\/\/cargimexworld.com\/business-development\/\",\"url\":\"https:\/\/cargimexworld.com\/business-development\/\",\"name\":\"BUSINESS DEVELOPMENT - Cargimex World\",\"isPartOf\":{\"@id\":\"https:\/\/cargimexworld.com\/#website\"},\"datePublished\":\"2019-04-15T15:48:03+00:00\",\"dateModified\":\"2026-02-16T20:05:05+00:00\",\"description\":\"Cargimex specialize in giving access to the worldwide market for local companies. We have built a multifunctional platform to insure we reach that target. In other words, we have sales representative, worldwide partners specialize in import and export, online experts, providers and producers. Notwithstanding, we always looks and stay attentive to increase our network and make benefit everyone. Therefore, we are interested in developing your business grow since we'll benefit of it as well. Contact us, we'll discuss about the possibilities.\",\"breadcrumb\":{\"@id\":\"https:\/\/cargimexworld.com\/business-development\/#breadcrumb\"},\"inLanguage\":\"es\",\"potentialAction\":[{\"@type\":\"ReadAction\",\"target\":[\"https:\/\/cargimexworld.com\/business-development\/\"]}]},{\"@type\":\"BreadcrumbList\",\"@id\":\"https:\/\/cargimexworld.com\/business-development\/#breadcrumb\",\"itemListElement\":[{\"@type\":\"ListItem\",\"position\":1,\"name\":\"Home\",\"item\":\"https:\/\/cargimexworld.com\/\"},{\"@type\":\"ListItem\",\"position\":2,\"name\":\"BUSINESS DEVELOPMENT\"}]},{\"@type\":\"WebSite\",\"@id\":\"https:\/\/cargimexworld.com\/#website\",\"url\":\"https:\/\/cargimexworld.com\/\",\"name\":\"Cargimex World\",\"description\":\"Local becomes global\",\"potentialAction\":[{\"@type\":\"SearchAction\",\"target\":{\"@type\":\"EntryPoint\",\"urlTemplate\":\"https:\/\/cargimexworld.com\/?s={search_term_string}\"},\"query-input\":{\"@type\":\"PropertyValueSpecification\",\"valueRequired\":true,\"valueName\":\"search_term_string\"}}],\"inLanguage\":\"es\"}]}<\/script>\n<!-- \/ Yoast SEO plugin. -->","yoast_head_json":{"title":"BUSINESS DEVELOPMENT - Cargimex World","description":"Cargimex se especializa en dar acceso al mercado mundial para compa\u00f1\u00edas locales. Hemos construido una plataforma multifuncional para asegurar que alcancemos ese objetivo. En otras palabras, contamos con representantes de ventas, socios mundiales especializados en importaci\u00f3n y exportaci\u00f3n, expertos en l\u00ednea, proveedores y productores. No obstante, siempre nos vemos y estamos atentos para aumentar nuestra red y hacer que todos se beneficien. Por lo tanto, estamos interesados en desarrollar el crecimiento de su negocio ya que tambi\u00e9n nos beneficiaremos de \u00e9l. Contacta con nosotros, discutiremos sobre las posibilidades.","robots":{"index":"index","follow":"follow","max-snippet":"max-snippet:-1","max-image-preview":"max-image-preview:large","max-video-preview":"max-video-preview:-1"},"canonical":"https:\/\/cargimexworld.com\/es\/business-development\/","og_locale":"es_ES","og_type":"article","og_title":"BUSINESS DEVELOPMENT - Cargimex World","og_description":"Cargimex specialize in giving access to the worldwide market for local companies. We have built a multifunctional platform to insure we reach that target. In other words, we have sales representative, worldwide partners specialize in import and export, online experts, providers and producers. Notwithstanding, we always looks and stay attentive to increase our network and make benefit everyone. Therefore, we are interested in developing your business grow since we'll benefit of it as well. Contact us, we'll discuss about the possibilities.","og_url":"https:\/\/cargimexworld.com\/es\/business-development\/","og_site_name":"Cargimex World","article_modified_time":"2026-02-16T20:05:05+00:00","twitter_card":"summary_large_image","schema":{"@context":"https:\/\/schema.org","@graph":[{"@type":"WebPage","@id":"https:\/\/cargimexworld.com\/business-development\/","url":"https:\/\/cargimexworld.com\/business-development\/","name":"BUSINESS DEVELOPMENT - Cargimex World","isPartOf":{"@id":"https:\/\/cargimexworld.com\/#website"},"datePublished":"2019-04-15T15:48:03+00:00","dateModified":"2026-02-16T20:05:05+00:00","description":"Cargimex se especializa en dar acceso al mercado mundial para compa\u00f1\u00edas locales. Hemos construido una plataforma multifuncional para asegurar que alcancemos ese objetivo. En otras palabras, contamos con representantes de ventas, socios mundiales especializados en importaci\u00f3n y exportaci\u00f3n, expertos en l\u00ednea, proveedores y productores. No obstante, siempre nos vemos y estamos atentos para aumentar nuestra red y hacer que todos se beneficien. Por lo tanto, estamos interesados en desarrollar el crecimiento de su negocio ya que tambi\u00e9n nos beneficiaremos de \u00e9l. Contacta con nosotros, discutiremos sobre las posibilidades.","breadcrumb":{"@id":"https:\/\/cargimexworld.com\/business-development\/#breadcrumb"},"inLanguage":"es","potentialAction":[{"@type":"ReadAction","target":["https:\/\/cargimexworld.com\/business-development\/"]}]},{"@type":"BreadcrumbList","@id":"https:\/\/cargimexworld.com\/business-development\/#breadcrumb","itemListElement":[{"@type":"ListItem","position":1,"name":"Home","item":"https:\/\/cargimexworld.com\/"},{"@type":"ListItem","position":2,"name":"BUSINESS DEVELOPMENT"}]},{"@type":"WebSite","@id":"https:\/\/cargimexworld.com\/#website","url":"https:\/\/cargimexworld.com\/","name":"Cargimex World","description":"Local becomes global","potentialAction":[{"@type":"SearchAction","target":{"@type":"EntryPoint","urlTemplate":"https:\/\/cargimexworld.com\/?s={search_term_string}"},"query-input":{"@type":"PropertyValueSpecification","valueRequired":true,"valueName":"search_term_string"}}],"inLanguage":"es"}]}},"_links":{"self":[{"href":"https:\/\/cargimexworld.com\/es\/wp-json\/wp\/v2\/pages\/2466","targetHints":{"allow":["GET"]}}],"collection":[{"href":"https:\/\/cargimexworld.com\/es\/wp-json\/wp\/v2\/pages"}],"about":[{"href":"https:\/\/cargimexworld.com\/es\/wp-json\/wp\/v2\/types\/page"}],"author":[{"embeddable":true,"href":"https:\/\/cargimexworld.com\/es\/wp-json\/wp\/v2\/users\/1"}],"replies":[{"embeddable":true,"href":"https:\/\/cargimexworld.com\/es\/wp-json\/wp\/v2\/comments?post=2466"}],"version-history":[{"count":1,"href":"https:\/\/cargimexworld.com\/es\/wp-json\/wp\/v2\/pages\/2466\/revisions"}],"predecessor-version":[{"id":2467,"href":"https:\/\/cargimexworld.com\/es\/wp-json\/wp\/v2\/pages\/2466\/revisions\/2467"}],"wp:attachment":[{"href":"https:\/\/cargimexworld.com\/es\/wp-json\/wp\/v2\/media?parent=2466"}],"curies":[{"name":"wp","href":"https:\/\/api.w.org\/{rel}","templated":true}]}}