{"id":2459,"date":"2019-04-15T15:45:17","date_gmt":"2019-04-15T15:45:17","guid":{"rendered":"http:\/\/bildo.ca\/cargimex\/?page_id=2459"},"modified":"2026-02-17T14:41:11","modified_gmt":"2026-02-17T14:41:11","slug":"imports-exports","status":"publish","type":"page","link":"https:\/\/cargimexworld.com\/de\/imports-exports\/","title":{"rendered":"EINFUHREN &amp; EXPORTE"},"content":{"rendered":"","protected":false},"excerpt":{"rendered":"","protected":false},"author":1,"featured_media":0,"parent":0,"menu_order":0,"comment_status":"open","ping_status":"open","template":"","meta":{"footnotes":""},"class_list":["post-2459","page","type-page","status-publish","hentry"],"yoast_head":"<!-- This site is optimized with the Yoast SEO plugin v27.0 - https:\/\/yoast.com\/product\/yoast-seo-wordpress\/ -->\n<title>IMPORTS &amp; EXPORTS - Cargimex World<\/title>\n<meta name=\"description\" content=\"From imports in Canada to importations in others countries within our network we always put an emphasis to have the right product, at the right time, for the right market, in sufficient quantities at the right price. We want to develop your business on solid grounds and will built together lasting relations in order to bring your products or items worldwide.\" \/>\n<meta name=\"robots\" content=\"index, follow, max-snippet:-1, max-image-preview:large, max-video-preview:-1\" \/>\n<link rel=\"canonical\" href=\"https:\/\/cargimexworld.com\/de\/imports-exports\/\" \/>\n<meta property=\"og:locale\" content=\"de_DE\" \/>\n<meta property=\"og:type\" content=\"article\" \/>\n<meta property=\"og:title\" content=\"IMPORTS &amp; EXPORTS - Cargimex World\" \/>\n<meta property=\"og:description\" content=\"From imports in Canada to importations in others countries within our network we always put an emphasis to have the right product, at the right time, for the right market, in sufficient quantities at the right price. We want to develop your business on solid grounds and will built together lasting relations in order to bring your products or items worldwide.\" \/>\n<meta property=\"og:url\" content=\"https:\/\/cargimexworld.com\/de\/imports-exports\/\" \/>\n<meta property=\"og:site_name\" content=\"Cargimex World\" \/>\n<meta property=\"article:modified_time\" content=\"2026-02-17T14:41:11+00:00\" \/>\n<meta name=\"twitter:card\" content=\"summary_large_image\" \/>\n<script type=\"application\/ld+json\" class=\"yoast-schema-graph\">{\"@context\":\"https:\/\/schema.org\",\"@graph\":[{\"@type\":\"WebPage\",\"@id\":\"https:\/\/cargimexworld.com\/imports-exports\/\",\"url\":\"https:\/\/cargimexworld.com\/imports-exports\/\",\"name\":\"IMPORTS & EXPORTS - Cargimex World\",\"isPartOf\":{\"@id\":\"https:\/\/cargimexworld.com\/#website\"},\"datePublished\":\"2019-04-15T15:45:17+00:00\",\"dateModified\":\"2026-02-17T14:41:11+00:00\",\"description\":\"From imports in Canada to importations in others countries within our network we always put an emphasis to have the right product, at the right time, for the right market, in sufficient quantities at the right price. We want to develop your business on solid grounds and will built together lasting relations in order to bring your products or items worldwide.\",\"breadcrumb\":{\"@id\":\"https:\/\/cargimexworld.com\/imports-exports\/#breadcrumb\"},\"inLanguage\":\"de\",\"potentialAction\":[{\"@type\":\"ReadAction\",\"target\":[\"https:\/\/cargimexworld.com\/imports-exports\/\"]}]},{\"@type\":\"BreadcrumbList\",\"@id\":\"https:\/\/cargimexworld.com\/imports-exports\/#breadcrumb\",\"itemListElement\":[{\"@type\":\"ListItem\",\"position\":1,\"name\":\"Home\",\"item\":\"https:\/\/cargimexworld.com\/\"},{\"@type\":\"ListItem\",\"position\":2,\"name\":\"IMPORTS &#038; EXPORTS\"}]},{\"@type\":\"WebSite\",\"@id\":\"https:\/\/cargimexworld.com\/#website\",\"url\":\"https:\/\/cargimexworld.com\/\",\"name\":\"Cargimex World\",\"description\":\"Local becomes global\",\"potentialAction\":[{\"@type\":\"SearchAction\",\"target\":{\"@type\":\"EntryPoint\",\"urlTemplate\":\"https:\/\/cargimexworld.com\/?s={search_term_string}\"},\"query-input\":{\"@type\":\"PropertyValueSpecification\",\"valueRequired\":true,\"valueName\":\"search_term_string\"}}],\"inLanguage\":\"de\"}]}<\/script>\n<!-- \/ Yoast SEO plugin. -->","yoast_head_json":{"title":"IMPORTS & EXPORTS - Cargimex World","description":"Von Importen in Kanada bis zu Importen in anderen L\u00e4ndern unseres Netzwerks legen wir immer Wert darauf, dass das richtige Produkt zum richtigen Zeitpunkt f\u00fcr den richtigen Markt in ausreichenden Mengen und zum richtigen Preis verf\u00fcgbar ist. Wir m\u00f6chten Ihr Gesch\u00e4ft aus soliden Gr\u00fcnden ausbauen und dauerhafte Beziehungen aufbauen, um Ihre Produkte oder Artikel weltweit zu bringen.","robots":{"index":"index","follow":"follow","max-snippet":"max-snippet:-1","max-image-preview":"max-image-preview:large","max-video-preview":"max-video-preview:-1"},"canonical":"https:\/\/cargimexworld.com\/de\/imports-exports\/","og_locale":"de_DE","og_type":"article","og_title":"IMPORTS & EXPORTS - Cargimex World","og_description":"From imports in Canada to importations in others countries within our network we always put an emphasis to have the right product, at the right time, for the right market, in sufficient quantities at the right price. We want to develop your business on solid grounds and will built together lasting relations in order to bring your products or items worldwide.","og_url":"https:\/\/cargimexworld.com\/de\/imports-exports\/","og_site_name":"Cargimex World","article_modified_time":"2026-02-17T14:41:11+00:00","twitter_card":"summary_large_image","schema":{"@context":"https:\/\/schema.org","@graph":[{"@type":"WebPage","@id":"https:\/\/cargimexworld.com\/imports-exports\/","url":"https:\/\/cargimexworld.com\/imports-exports\/","name":"IMPORTS & EXPORTS - Cargimex World","isPartOf":{"@id":"https:\/\/cargimexworld.com\/#website"},"datePublished":"2019-04-15T15:45:17+00:00","dateModified":"2026-02-17T14:41:11+00:00","description":"Von Importen in Kanada bis zu Importen in anderen L\u00e4ndern unseres Netzwerks legen wir immer Wert darauf, dass das richtige Produkt zum richtigen Zeitpunkt f\u00fcr den richtigen Markt in ausreichenden Mengen und zum richtigen Preis verf\u00fcgbar ist. Wir m\u00f6chten Ihr Gesch\u00e4ft aus soliden Gr\u00fcnden ausbauen und dauerhafte Beziehungen aufbauen, um Ihre Produkte oder Artikel weltweit zu bringen.","breadcrumb":{"@id":"https:\/\/cargimexworld.com\/imports-exports\/#breadcrumb"},"inLanguage":"de","potentialAction":[{"@type":"ReadAction","target":["https:\/\/cargimexworld.com\/imports-exports\/"]}]},{"@type":"BreadcrumbList","@id":"https:\/\/cargimexworld.com\/imports-exports\/#breadcrumb","itemListElement":[{"@type":"ListItem","position":1,"name":"Home","item":"https:\/\/cargimexworld.com\/"},{"@type":"ListItem","position":2,"name":"IMPORTS &#038; EXPORTS"}]},{"@type":"WebSite","@id":"https:\/\/cargimexworld.com\/#website","url":"https:\/\/cargimexworld.com\/","name":"Cargimex World","description":"Local becomes global","potentialAction":[{"@type":"SearchAction","target":{"@type":"EntryPoint","urlTemplate":"https:\/\/cargimexworld.com\/?s={search_term_string}"},"query-input":{"@type":"PropertyValueSpecification","valueRequired":true,"valueName":"search_term_string"}}],"inLanguage":"de"}]}},"_links":{"self":[{"href":"https:\/\/cargimexworld.com\/de\/wp-json\/wp\/v2\/pages\/2459","targetHints":{"allow":["GET"]}}],"collection":[{"href":"https:\/\/cargimexworld.com\/de\/wp-json\/wp\/v2\/pages"}],"about":[{"href":"https:\/\/cargimexworld.com\/de\/wp-json\/wp\/v2\/types\/page"}],"author":[{"embeddable":true,"href":"https:\/\/cargimexworld.com\/de\/wp-json\/wp\/v2\/users\/1"}],"replies":[{"embeddable":true,"href":"https:\/\/cargimexworld.com\/de\/wp-json\/wp\/v2\/comments?post=2459"}],"version-history":[{"count":1,"href":"https:\/\/cargimexworld.com\/de\/wp-json\/wp\/v2\/pages\/2459\/revisions"}],"predecessor-version":[{"id":2460,"href":"https:\/\/cargimexworld.com\/de\/wp-json\/wp\/v2\/pages\/2459\/revisions\/2460"}],"wp:attachment":[{"href":"https:\/\/cargimexworld.com\/de\/wp-json\/wp\/v2\/media?parent=2459"}],"curies":[{"name":"wp","href":"https:\/\/api.w.org\/{rel}","templated":true}]}}