{"id":2249,"date":"2019-04-10T01:57:44","date_gmt":"2019-04-10T01:57:44","guid":{"rendered":"http:\/\/bildo.ca\/cargimex\/?page_id=2249"},"modified":"2025-04-04T02:23:10","modified_gmt":"2025-04-04T02:23:10","slug":"business-opportunities","status":"publish","type":"page","link":"https:\/\/cargimexworld.com\/de\/business-opportunities\/","title":{"rendered":"GELEGENHEITEN F\u00dcR GESCH\u00c4FTE"},"content":{"rendered":"","protected":false},"excerpt":{"rendered":"<p>&#8230;<\/p>","protected":false},"author":1,"featured_media":0,"parent":0,"menu_order":0,"comment_status":"open","ping_status":"open","template":"","meta":{"footnotes":""},"class_list":["post-2249","page","type-page","status-publish","hentry"],"yoast_head":"<!-- This site is optimized with the Yoast SEO plugin v27.0 - https:\/\/yoast.com\/product\/yoast-seo-wordpress\/ -->\n<title>BUSINESS OPPORTUNITIES - Cargimex World<\/title>\n<meta name=\"description\" content=\"We are constantly in search of new opportunities, weither you are producing or distributing we want to hear from you. Together we are stronger, good and fair business is profitable to everyone. If you are interested in representing our company with it&#039;s portfolio to new territories, we do want to hear from you as well. Send us a message and we\u2019ll be in touch.\" \/>\n<meta name=\"robots\" content=\"index, follow, max-snippet:-1, max-image-preview:large, max-video-preview:-1\" \/>\n<link rel=\"canonical\" href=\"https:\/\/cargimexworld.com\/de\/business-opportunities\/\" \/>\n<meta property=\"og:locale\" content=\"de_DE\" \/>\n<meta property=\"og:type\" content=\"article\" \/>\n<meta property=\"og:title\" content=\"BUSINESS OPPORTUNITIES - Cargimex World\" \/>\n<meta property=\"og:description\" content=\"We are constantly in search of new opportunities, weither you are producing or distributing we want to hear from you. Together we are stronger, good and fair business is profitable to everyone. If you are interested in representing our company with it&#039;s portfolio to new territories, we do want to hear from you as well. Send us a message and we\u2019ll be in touch.\" \/>\n<meta property=\"og:url\" content=\"https:\/\/cargimexworld.com\/de\/business-opportunities\/\" \/>\n<meta property=\"og:site_name\" content=\"Cargimex World\" \/>\n<meta property=\"article:modified_time\" content=\"2025-04-04T02:23:10+00:00\" \/>\n<meta name=\"twitter:card\" content=\"summary_large_image\" \/>\n<script type=\"application\/ld+json\" class=\"yoast-schema-graph\">{\"@context\":\"https:\/\/schema.org\",\"@graph\":[{\"@type\":\"WebPage\",\"@id\":\"https:\/\/cargimexworld.com\/business-opportunities\/\",\"url\":\"https:\/\/cargimexworld.com\/business-opportunities\/\",\"name\":\"BUSINESS OPPORTUNITIES - Cargimex World\",\"isPartOf\":{\"@id\":\"https:\/\/cargimexworld.com\/#website\"},\"datePublished\":\"2019-04-10T01:57:44+00:00\",\"dateModified\":\"2025-04-04T02:23:10+00:00\",\"description\":\"We are constantly in search of new opportunities, weither you are producing or distributing we want to hear from you. Together we are stronger, good and fair business is profitable to everyone. If you are interested in representing our company with it's portfolio to new territories, we do want to hear from you as well. Send us a message and we\u2019ll be in touch.\",\"breadcrumb\":{\"@id\":\"https:\/\/cargimexworld.com\/business-opportunities\/#breadcrumb\"},\"inLanguage\":\"de\",\"potentialAction\":[{\"@type\":\"ReadAction\",\"target\":[\"https:\/\/cargimexworld.com\/business-opportunities\/\"]}]},{\"@type\":\"BreadcrumbList\",\"@id\":\"https:\/\/cargimexworld.com\/business-opportunities\/#breadcrumb\",\"itemListElement\":[{\"@type\":\"ListItem\",\"position\":1,\"name\":\"Home\",\"item\":\"https:\/\/cargimexworld.com\/\"},{\"@type\":\"ListItem\",\"position\":2,\"name\":\"BUSINESS OPPORTUNITIES\"}]},{\"@type\":\"WebSite\",\"@id\":\"https:\/\/cargimexworld.com\/#website\",\"url\":\"https:\/\/cargimexworld.com\/\",\"name\":\"Cargimex World\",\"description\":\"Local becomes global\",\"potentialAction\":[{\"@type\":\"SearchAction\",\"target\":{\"@type\":\"EntryPoint\",\"urlTemplate\":\"https:\/\/cargimexworld.com\/?s={search_term_string}\"},\"query-input\":{\"@type\":\"PropertyValueSpecification\",\"valueRequired\":true,\"valueName\":\"search_term_string\"}}],\"inLanguage\":\"de\"}]}<\/script>\n<!-- \/ Yoast SEO plugin. -->","yoast_head_json":{"title":"BUSINESS OPPORTUNITIES - Cargimex World","description":"Wir sind st\u00e4ndig auf der Suche nach neuen M\u00f6glichkeiten. Ob Sie produzieren oder vertreiben, wir m\u00f6chten von Ihnen h\u00f6ren. Gemeinsam sind wir st\u00e4rker, gutes und faires Gesch\u00e4ft ist f\u00fcr alle profitabel. Wenn Sie daran interessiert sind, unser Unternehmen mit seinem Portfolio in neuen Gebieten zu vertreten, m\u00f6chten wir auch von Ihnen h\u00f6ren. Senden Sie uns eine Nachricht und wir werden uns mit Ihnen in Verbindung setzen.","robots":{"index":"index","follow":"follow","max-snippet":"max-snippet:-1","max-image-preview":"max-image-preview:large","max-video-preview":"max-video-preview:-1"},"canonical":"https:\/\/cargimexworld.com\/de\/business-opportunities\/","og_locale":"de_DE","og_type":"article","og_title":"BUSINESS OPPORTUNITIES - Cargimex World","og_description":"We are constantly in search of new opportunities, weither you are producing or distributing we want to hear from you. Together we are stronger, good and fair business is profitable to everyone. If you are interested in representing our company with it's portfolio to new territories, we do want to hear from you as well. Send us a message and we\u2019ll be in touch.","og_url":"https:\/\/cargimexworld.com\/de\/business-opportunities\/","og_site_name":"Cargimex World","article_modified_time":"2025-04-04T02:23:10+00:00","twitter_card":"summary_large_image","schema":{"@context":"https:\/\/schema.org","@graph":[{"@type":"WebPage","@id":"https:\/\/cargimexworld.com\/business-opportunities\/","url":"https:\/\/cargimexworld.com\/business-opportunities\/","name":"BUSINESS OPPORTUNITIES - Cargimex World","isPartOf":{"@id":"https:\/\/cargimexworld.com\/#website"},"datePublished":"2019-04-10T01:57:44+00:00","dateModified":"2025-04-04T02:23:10+00:00","description":"Wir sind st\u00e4ndig auf der Suche nach neuen M\u00f6glichkeiten. Ob Sie produzieren oder vertreiben, wir m\u00f6chten von Ihnen h\u00f6ren. Gemeinsam sind wir st\u00e4rker, gutes und faires Gesch\u00e4ft ist f\u00fcr alle profitabel. Wenn Sie daran interessiert sind, unser Unternehmen mit seinem Portfolio in neuen Gebieten zu vertreten, m\u00f6chten wir auch von Ihnen h\u00f6ren. Senden Sie uns eine Nachricht und wir werden uns mit Ihnen in Verbindung setzen.","breadcrumb":{"@id":"https:\/\/cargimexworld.com\/business-opportunities\/#breadcrumb"},"inLanguage":"de","potentialAction":[{"@type":"ReadAction","target":["https:\/\/cargimexworld.com\/business-opportunities\/"]}]},{"@type":"BreadcrumbList","@id":"https:\/\/cargimexworld.com\/business-opportunities\/#breadcrumb","itemListElement":[{"@type":"ListItem","position":1,"name":"Home","item":"https:\/\/cargimexworld.com\/"},{"@type":"ListItem","position":2,"name":"BUSINESS OPPORTUNITIES"}]},{"@type":"WebSite","@id":"https:\/\/cargimexworld.com\/#website","url":"https:\/\/cargimexworld.com\/","name":"Cargimex World","description":"Local becomes global","potentialAction":[{"@type":"SearchAction","target":{"@type":"EntryPoint","urlTemplate":"https:\/\/cargimexworld.com\/?s={search_term_string}"},"query-input":{"@type":"PropertyValueSpecification","valueRequired":true,"valueName":"search_term_string"}}],"inLanguage":"de"}]}},"_links":{"self":[{"href":"https:\/\/cargimexworld.com\/de\/wp-json\/wp\/v2\/pages\/2249","targetHints":{"allow":["GET"]}}],"collection":[{"href":"https:\/\/cargimexworld.com\/de\/wp-json\/wp\/v2\/pages"}],"about":[{"href":"https:\/\/cargimexworld.com\/de\/wp-json\/wp\/v2\/types\/page"}],"author":[{"embeddable":true,"href":"https:\/\/cargimexworld.com\/de\/wp-json\/wp\/v2\/users\/1"}],"replies":[{"embeddable":true,"href":"https:\/\/cargimexworld.com\/de\/wp-json\/wp\/v2\/comments?post=2249"}],"version-history":[{"count":3,"href":"https:\/\/cargimexworld.com\/de\/wp-json\/wp\/v2\/pages\/2249\/revisions"}],"predecessor-version":[{"id":2390,"href":"https:\/\/cargimexworld.com\/de\/wp-json\/wp\/v2\/pages\/2249\/revisions\/2390"}],"wp:attachment":[{"href":"https:\/\/cargimexworld.com\/de\/wp-json\/wp\/v2\/media?parent=2249"}],"curies":[{"name":"wp","href":"https:\/\/api.w.org\/{rel}","templated":true}]}}